{"id":32,"date":"2020-02-22T15:36:32","date_gmt":"2020-02-22T15:36:32","guid":{"rendered":"https:\/\/fuedeli.lima-city.ch\/?page_id=32"},"modified":"2026-01-17T08:28:16","modified_gmt":"2026-01-17T08:28:16","slug":"homepage","status":"publish","type":"page","link":"https:\/\/fuedeli.lima-city.ch\/","title":{"rendered":"Bonjour &#8211; Hallo !!"},"content":{"rendered":"\n<div class=\"wp-block-group\"><div class=\"wp-block-group__inner-container is-layout-flow wp-block-group-is-layout-flow\">\n<div class=\"wp-block-group\"><div class=\"wp-block-group__inner-container is-layout-flow wp-block-group-is-layout-flow\">\n<div class=\"wp-block-group\"><div class=\"wp-block-group__inner-container is-layout-flow wp-block-group-is-layout-flow\"><div class=\"wp-block-image is-resized is-style-default\">\n<figure class=\"aligncenter size-large\"><img loading=\"lazy\" decoding=\"async\" width=\"720\" height=\"960\" src=\"https:\/\/fuedeli.lima-city.ch\/wp-content\/uploads\/2020\/03\/26907875_10155273430335893_1037490811459275693_n-1.jpg\" alt=\"\" class=\"wp-image-126\" srcset=\"https:\/\/fuedeli.lima-city.ch\/wp-content\/uploads\/2020\/03\/26907875_10155273430335893_1037490811459275693_n-1.jpg 720w, https:\/\/fuedeli.lima-city.ch\/wp-content\/uploads\/2020\/03\/26907875_10155273430335893_1037490811459275693_n-1-225x300.jpg 225w\" sizes=\"auto, (max-width: 720px) 100vw, 720px\" \/><\/figure>\n<\/div><\/div><\/div>\n\n\n\n<h4 class=\"wp-block-heading has-text-align-center\">Je suis BUFFY<br>Ich bin BUFFY <\/h4>\n<\/div><\/div>\n<\/div><\/div>\n\n\n\n<h6 class=\"wp-block-heading has-text-align-center\"><strong>Merci de visiter ma page. V\u00e9rifiez l&#8217;\u00e9tat ci-dessous et d\u00e9couvrez si j&#8217;ai besoin d&#8217;aide.<\/strong><br>   <br><strong>Danke, dass du meine Seite besuchst. Finde \u00fcber den Status unten heraus, ob ich Hilfe brauche oder nicht.<\/strong> <\/h6>\n\n\n<div class=\"wp-block-image is-resized\">\n<figure class=\"aligncenter size-large\"><img loading=\"lazy\" decoding=\"async\" width=\"686\" height=\"1024\" src=\"https:\/\/fuedeli.lima-city.ch\/wp-content\/uploads\/2020\/02\/Status-OK-686x1024.png\" alt=\"\" class=\"wp-image-55\" srcset=\"https:\/\/fuedeli.lima-city.ch\/wp-content\/uploads\/2020\/02\/Status-OK-686x1024.png 686w, https:\/\/fuedeli.lima-city.ch\/wp-content\/uploads\/2020\/02\/Status-OK-201x300.png 201w, https:\/\/fuedeli.lima-city.ch\/wp-content\/uploads\/2020\/02\/Status-OK-768x1146.png 768w, https:\/\/fuedeli.lima-city.ch\/wp-content\/uploads\/2020\/02\/Status-OK.png 792w\" sizes=\"auto, (max-width: 686px) 100vw, 686px\" \/><\/figure>\n<\/div>\n\n\n<div class=\"wp-block-button aligncenter\"><a class=\"wp-block-button__link wp-element-button\" href=\"tel:+41793172828\" target=\"_blank\" rel=\"noreferrer noopener\"> <strong>Ruf meine Besitzer an indem du hier klickst.<\/strong><br><strong>Appelez mes propri\u00e9taires en cliquant ici.<\/strong> <\/a><\/div>\n\n\n\n<div class=\"wp-block-button aligncenter\"><a class=\"wp-block-button__link has-dark-gray-color has-text-color has-background has-text-align-center wp-element-button\" href=\"mailto:buffy@f\u00fcde.li\" style=\"background-color:#0bca2b\" target=\"_blank\" rel=\"noreferrer noopener\"> <strong>Schreib mir eine Email<\/strong> (buffy@f\u00fcde.li)<br><strong>\u00c9crivez-moi un e-mail<\/strong> (buffy@f\u00fcde.li)<\/a><\/div>\n\n\n\n<h5 class=\"wp-block-heading has-text-align-center\"><strong>Ma galerie personnelle sur Instagram \/ Meine pers\u00f6nliche Galerie auf Instagram<\/strong><\/h5>\n\n\n\n        <div\n            class=\"spotlight-instagram-feed\"\n            data-feed-var=\"1d2acaf1\"\n            data-analytics=\"0\"\n            data-instance=\"32\"\n        >\n        <\/div>\n        <input type=\"hidden\" id=\"sli__f__1d2acaf1\" data-json='{&quot;useCase&quot;:&quot;accounts&quot;,&quot;template&quot;:&quot;gallery&quot;,&quot;layout&quot;:&quot;grid&quot;,&quot;numColumns&quot;:{&quot;desktop&quot;:5,&quot;tablet&quot;:4,&quot;phone&quot;:3},&quot;highlightFreq&quot;:{&quot;desktop&quot;:7},&quot;sliderNumScrollPosts&quot;:{&quot;desktop&quot;:1},&quot;sliderInfinite&quot;:true,&quot;sliderLoop&quot;:false,&quot;sliderArrowPos&quot;:{&quot;desktop&quot;:&quot;inside&quot;},&quot;sliderArrowSize&quot;:{&quot;desktop&quot;:20},&quot;sliderArrowColor&quot;:{&quot;r&quot;:255,&quot;b&quot;:255,&quot;g&quot;:255,&quot;a&quot;:1},&quot;sliderArrowBgColor&quot;:{&quot;r&quot;:0,&quot;b&quot;:0,&quot;g&quot;:0,&quot;a&quot;:0.8},&quot;sliderAutoScroll&quot;:false,&quot;sliderAutoInterval&quot;:3,&quot;postOrder&quot;:&quot;date_desc&quot;,&quot;numPosts&quot;:{&quot;desktop&quot;:15,&quot;tablet&quot;:12,&quot;phone&quot;:9},&quot;linkBehavior&quot;:{&quot;desktop&quot;:&quot;lightbox&quot;},&quot;feedWidth&quot;:{&quot;desktop&quot;:&quot;&quot;},&quot;feedHeight&quot;:{&quot;desktop&quot;:&quot;&quot;},&quot;feedPadding&quot;:{&quot;desktop&quot;:0,&quot;tablet&quot;:0,&quot;phone&quot;:0},&quot;imgPadding&quot;:{&quot;desktop&quot;:0,&quot;tablet&quot;:0,&quot;phone&quot;:0},&quot;ratio&quot;:&quot;classic&quot;,&quot;textSize&quot;:{&quot;desktop&quot;:&quot;&quot;,&quot;tablet&quot;:&quot;&quot;,&quot;phone&quot;:&quot;&quot;},&quot;bgColor&quot;:{&quot;r&quot;:255,&quot;g&quot;:255,&quot;b&quot;:255,&quot;a&quot;:0},&quot;hoverInfo&quot;:[&quot;likes_comments&quot;,&quot;insta_link&quot;],&quot;textColorHover&quot;:{&quot;r&quot;:255,&quot;g&quot;:255,&quot;b&quot;:255,&quot;a&quot;:1},&quot;bgColorHover&quot;:{&quot;r&quot;:0,&quot;g&quot;:0,&quot;b&quot;:0,&quot;a&quot;:0.5},&quot;showHeader&quot;:{&quot;desktop&quot;:false},&quot;headerInfo&quot;:{&quot;desktop&quot;:[&quot;profile_pic&quot;,&quot;bio&quot;]},&quot;headerAccount&quot;:5,&quot;headerStyle&quot;:{&quot;desktop&quot;:&quot;normal&quot;,&quot;phone&quot;:&quot;centered&quot;},&quot;headerTextSize&quot;:{&quot;desktop&quot;:&quot;&quot;},&quot;headerPhotoSize&quot;:{&quot;desktop&quot;:50},&quot;headerTextColor&quot;:{&quot;r&quot;:0,&quot;g&quot;:0,&quot;b&quot;:0,&quot;a&quot;:1},&quot;headerBgColor&quot;:{&quot;r&quot;:255,&quot;g&quot;:255,&quot;b&quot;:255,&quot;a&quot;:1},&quot;headerPadding&quot;:{&quot;desktop&quot;:0},&quot;customProfilePic&quot;:0,&quot;customBioText&quot;:&quot;&quot;,&quot;includeStories&quot;:false,&quot;storiesInterval&quot;:5,&quot;showCaptions&quot;:{&quot;desktop&quot;:false},&quot;captionMaxLength&quot;:{&quot;desktop&quot;:0},&quot;captionRemoveDots&quot;:false,&quot;captionSize&quot;:{&quot;desktop&quot;:0},&quot;captionColor&quot;:{&quot;r&quot;:0,&quot;g&quot;:0,&quot;b&quot;:0,&quot;a&quot;:1},&quot;showLikes&quot;:{&quot;desktop&quot;:false},&quot;showComments&quot;:{&quot;desktop&quot;:false},&quot;lcIconSize&quot;:{&quot;desktop&quot;:14},&quot;likesIconColor&quot;:{&quot;r&quot;:0,&quot;g&quot;:0,&quot;b&quot;:0,&quot;a&quot;:1},&quot;commentsIconColor&quot;:{&quot;r&quot;:0,&quot;g&quot;:0,&quot;b&quot;:0,&quot;a&quot;:1},&quot;lightboxShowSidebar&quot;:false,&quot;lightboxCtaStyle&quot;:&quot;link&quot;,&quot;lightboxCtaDesign&quot;:{&quot;text&quot;:{&quot;color&quot;:{&quot;r&quot;:0,&quot;g&quot;:0,&quot;b&quot;:0,&quot;a&quot;:1},&quot;align&quot;:&quot;center&quot;},&quot;bgColor&quot;:{&quot;r&quot;:230,&quot;g&quot;:230,&quot;b&quot;:230,&quot;a&quot;:1},&quot;border&quot;:{&quot;radius&quot;:3}},&quot;numLightboxComments&quot;:50,&quot;showLoadMoreBtn&quot;:{&quot;desktop&quot;:false},&quot;loadMoreBtnDesign&quot;:{&quot;text&quot;:{&quot;color&quot;:{&quot;r&quot;:255,&quot;g&quot;:255,&quot;b&quot;:255,&quot;a&quot;:1},&quot;align&quot;:&quot;center&quot;},&quot;border&quot;:{&quot;radius&quot;:3},&quot;bgColor&quot;:{&quot;r&quot;:0,&quot;g&quot;:149,&quot;b&quot;:246,&quot;a&quot;:1},&quot;margin&quot;:{&quot;top&quot;:0,&quot;bottom&quot;:0,&quot;left&quot;:0,&quot;right&quot;:0}},&quot;loadMoreBtnText&quot;:&quot;Load more&quot;,&quot;loadMoreBtnScroll&quot;:true,&quot;autoload&quot;:false,&quot;showFollowBtn&quot;:{&quot;desktop&quot;:false,&quot;phone&quot;:false,&quot;tablet&quot;:false},&quot;followBtnText&quot;:&quot;Follow on Instagram&quot;,&quot;followBtnDesign&quot;:{&quot;text&quot;:{&quot;color&quot;:{&quot;r&quot;:255,&quot;g&quot;:255,&quot;b&quot;:255,&quot;a&quot;:1},&quot;align&quot;:&quot;center&quot;},&quot;border&quot;:{&quot;radius&quot;:3},&quot;bgColor&quot;:{&quot;r&quot;:0,&quot;g&quot;:149,&quot;b&quot;:246,&quot;a&quot;:1},&quot;margin&quot;:{&quot;top&quot;:0,&quot;bottom&quot;:0,&quot;left&quot;:0,&quot;right&quot;:0}},&quot;followBtnLocation&quot;:{&quot;desktop&quot;:&quot;header&quot;,&quot;phone&quot;:&quot;bottom&quot;},&quot;alignFooterButtons&quot;:{&quot;desktop&quot;:false},&quot;customCss&quot;:&quot;\\\/* Enter your custom CSS below *\\\/\\n\\n&quot;,&quot;accounts&quot;:[234],&quot;tagged&quot;:[],&quot;hashtags&quot;:[],&quot;mediaType&quot;:&quot;all&quot;,&quot;hashtagWhitelist&quot;:[],&quot;hashtagBlacklist&quot;:[],&quot;captionWhitelist&quot;:[],&quot;captionBlacklist&quot;:[],&quot;hashtagWhitelistSettings&quot;:true,&quot;hashtagBlacklistSettings&quot;:true,&quot;captionWhitelistSettings&quot;:true,&quot;captionBlacklistSettings&quot;:true,&quot;moderation&quot;:[],&quot;moderationMode&quot;:&quot;blacklist&quot;,&quot;promosVersion&quot;:2,&quot;promosEnabled&quot;:true,&quot;globalPromosEnabled&quot;:true,&quot;autoPromosEnabled&quot;:true,&quot;promoOverrides&quot;:[],&quot;feedPromo&quot;:{&quot;linkSource&quot;:{&quot;type&quot;:null},&quot;linkBehavior&quot;:{&quot;openNewTab&quot;:false,&quot;showPopupBox&quot;:false},&quot;linkText&quot;:&quot;&quot;},&quot;gaCampaignSource&quot;:&quot;&quot;,&quot;gaCampaignMedium&quot;:&quot;&quot;,&quot;gaCampaignName&quot;:&quot;&quot;}' \/>\n        <input type=\"hidden\" id=\"sli__a__1d2acaf1\" data-json='[{&quot;id&quot;:234,&quot;type&quot;:&quot;PERSONAL&quot;,&quot;userId&quot;:&quot;25402767766025743&quot;,&quot;username&quot;:&quot;fuede.li&quot;,&quot;bio&quot;:&quot;&quot;,&quot;customBio&quot;:&quot;&quot;,&quot;profilePicUrl&quot;:&quot;&quot;,&quot;customProfilePicUrl&quot;:&quot;https:\\\/\\\/fuedeli.lima-city.ch\\\/wp-content\\\/uploads\\\/2020\\\/02\\\/cropped-11241622_10153000896995893_7908893490805399192_n-1.jpg&quot;,&quot;mediaCount&quot;:&quot;83&quot;,&quot;followersCount&quot;:&quot;0&quot;,&quot;usages&quot;:[],&quot;creationDate&quot;:&quot;2025-10-31 06:24:47&quot;}]' \/>\n        <input type=\"hidden\" id=\"sli__m__1d2acaf1\" data-json='[]' \/>\n        \n\n\n\n<h5 class=\"wp-block-heading has-text-align-center\"><strong> Je suis fan de Radio Summernight (<a href=\"http:\/\/www.radiosummernight.ch\">radiosummernight.ch<\/a>)<br>Ich bin Fan von Radio Summernight (<a href=\"http:\/\/www.rsn.li\">rsn.li<\/a>) <\/strong> <\/h5>\n","protected":false},"excerpt":{"rendered":"<p>Je suis BUFFYIch bin BUFFY Merci de visiter ma page. V\u00e9rifiez l&#8217;\u00e9tat ci-dessous et d\u00e9couvrez si j&#8217;ai besoin d&#8217;aide. Danke, dass du meine Seite besuchst. Finde \u00fcber den Status unten heraus, ob ich Hilfe brauche oder nicht. Ma galerie personnelle sur Instagram \/ Meine pers\u00f6nliche Galerie auf Instagram Je suis fan de Radio Summernight (radiosummernight.ch)Ich &hellip; <\/p>\n<p class=\"link-more\"><a href=\"https:\/\/fuedeli.lima-city.ch\/\" class=\"more-link\"><span class=\"screen-reader-text\">&#171;Bonjour &#8211; Hallo !!&#187;<\/span> weiterlesen<\/a><\/p>\n","protected":false},"author":1,"featured_media":0,"parent":0,"menu_order":0,"comment_status":"closed","ping_status":"closed","template":"","meta":{"footnotes":""},"class_list":["post-32","page","type-page","status-publish","hentry","entry"],"jetpack_sharing_enabled":true,"_links":{"self":[{"href":"https:\/\/fuedeli.lima-city.ch\/index.php?rest_route=\/wp\/v2\/pages\/32","targetHints":{"allow":["GET"]}}],"collection":[{"href":"https:\/\/fuedeli.lima-city.ch\/index.php?rest_route=\/wp\/v2\/pages"}],"about":[{"href":"https:\/\/fuedeli.lima-city.ch\/index.php?rest_route=\/wp\/v2\/types\/page"}],"author":[{"embeddable":true,"href":"https:\/\/fuedeli.lima-city.ch\/index.php?rest_route=\/wp\/v2\/users\/1"}],"replies":[{"embeddable":true,"href":"https:\/\/fuedeli.lima-city.ch\/index.php?rest_route=%2Fwp%2Fv2%2Fcomments&post=32"}],"version-history":[{"count":88,"href":"https:\/\/fuedeli.lima-city.ch\/index.php?rest_route=\/wp\/v2\/pages\/32\/revisions"}],"predecessor-version":[{"id":325,"href":"https:\/\/fuedeli.lima-city.ch\/index.php?rest_route=\/wp\/v2\/pages\/32\/revisions\/325"}],"wp:attachment":[{"href":"https:\/\/fuedeli.lima-city.ch\/index.php?rest_route=%2Fwp%2Fv2%2Fmedia&parent=32"}],"curies":[{"name":"wp","href":"https:\/\/api.w.org\/{rel}","templated":true}]}}